{"id":4158,"date":"2023-09-16T14:02:27","date_gmt":"2023-09-16T13:02:27","guid":{"rendered":"https:\/\/www.zeroemissioncompany.eu\/?page_id=4158"},"modified":"2024-04-26T07:00:29","modified_gmt":"2024-04-26T06:00:29","slug":"zoznam-firiem","status":"publish","type":"page","link":"https:\/\/www.zeroemissioncompany.eu\/en\/list-companies\/","title":{"rendered":"List of companies"},"content":{"rendered":"<div data-elementor-type=\"wp-page\" data-elementor-id=\"4158\" class=\"elementor elementor-4158\" data-elementor-post-type=\"page\">\n\t\t\t\t\t\t<section class=\"elementor-section elementor-top-section elementor-element elementor-element-f280932 ct-section-stretched elementor-section-boxed elementor-section-height-default elementor-section-height-default\" data-id=\"f280932\" data-element_type=\"section\" data-e-type=\"section\" data-settings=\"{&quot;background_background&quot;:&quot;classic&quot;}\">\n\t\t\t\t\t\t\t<div class=\"elementor-background-overlay\"><\/div>\n\t\t\t\t\t\t\t<div class=\"elementor-container elementor-column-gap-default\">\n\t\t\t\t\t<div class=\"elementor-column elementor-col-100 elementor-top-column elementor-element elementor-element-c9be963\" data-id=\"c9be963\" data-element_type=\"column\" data-e-type=\"column\">\n\t\t\t<div class=\"elementor-widget-wrap elementor-element-populated\">\n\t\t\t\t\t\t<div class=\"elementor-element elementor-element-50d7c76 elementor-widget elementor-widget-heading\" data-id=\"50d7c76\" data-element_type=\"widget\" data-e-type=\"widget\" data-widget_type=\"heading.default\">\n\t\t\t\t<div class=\"elementor-widget-container\">\n\t\t\t\t\t<h1 class=\"elementor-heading-title elementor-size-default\">Carbon neutral companies<\/h1>\t\t\t\t<\/div>\n\t\t\t\t<\/div>\n\t\t\t\t<div class=\"elementor-element elementor-element-2661319 elementor-widget elementor-widget-text-editor\" data-id=\"2661319\" data-element_type=\"widget\" data-e-type=\"widget\" data-widget_type=\"text-editor.default\">\n\t\t\t\t<div class=\"elementor-widget-container\">\n\t\t\t\t\t\t\t\t\t<p>In this register you will find companies that have decided to make a positive change and reduce their carbon footprint.<\/p>\t\t\t\t\t\t\t\t<\/div>\n\t\t\t\t<\/div>\n\t\t\t\t\t<\/div>\n\t\t<\/div>\n\t\t\t\t\t<\/div>\n\t\t<\/section>\n\t\t\t\t<section class=\"elementor-section elementor-top-section elementor-element elementor-element-f2e734f ct-section-stretched elementor-section-boxed elementor-section-height-default elementor-section-height-default\" data-id=\"f2e734f\" data-element_type=\"section\" data-e-type=\"section\" data-settings=\"{&quot;background_background&quot;:&quot;classic&quot;}\">\n\t\t\t\t\t\t<div class=\"elementor-container elementor-column-gap-default\">\n\t\t\t\t\t<div class=\"elementor-column elementor-col-16 elementor-top-column elementor-element elementor-element-8f8e71b\" data-id=\"8f8e71b\" data-element_type=\"column\" data-e-type=\"column\">\n\t\t\t<div class=\"elementor-widget-wrap elementor-element-populated\">\n\t\t\t\t\t\t<div class=\"elementor-element elementor-element-c25b650 elementor-widget elementor-widget-image\" data-id=\"c25b650\" data-element_type=\"widget\" data-e-type=\"widget\" data-widget_type=\"image.default\">\n\t\t\t\t<div class=\"elementor-widget-container\">\n\t\t\t\t\t\t\t\t\t\t\t\t\t\t\t<img fetchpriority=\"high\" decoding=\"async\" width=\"2334\" height=\"1400\" src=\"https:\/\/www.zeroemissioncompany.eu\/wp-content\/uploads\/2023\/10\/simplicity-logo-regular.png\" class=\"attachment-full size-full wp-image-4627\" alt=\"\" srcset=\"https:\/\/www.zeroemissioncompany.eu\/wp-content\/uploads\/2023\/10\/simplicity-logo-regular.png 2334w, https:\/\/www.zeroemissioncompany.eu\/wp-content\/uploads\/2023\/10\/simplicity-logo-regular-600x360.png 600w, https:\/\/www.zeroemissioncompany.eu\/wp-content\/uploads\/2023\/10\/simplicity-logo-regular-300x180.png 300w, https:\/\/www.zeroemissioncompany.eu\/wp-content\/uploads\/2023\/10\/simplicity-logo-regular-1024x614.png 1024w, https:\/\/www.zeroemissioncompany.eu\/wp-content\/uploads\/2023\/10\/simplicity-logo-regular-768x461.png 768w, https:\/\/www.zeroemissioncompany.eu\/wp-content\/uploads\/2023\/10\/simplicity-logo-regular-1536x921.png 1536w, https:\/\/www.zeroemissioncompany.eu\/wp-content\/uploads\/2023\/10\/simplicity-logo-regular-2048x1228.png 2048w\" sizes=\"(max-width: 2334px) 100vw, 2334px\" \/>\t\t\t\t\t\t\t\t\t\t\t\t\t\t\t<\/div>\n\t\t\t\t<\/div>\n\t\t\t\t\t<\/div>\n\t\t<\/div>\n\t\t\t\t<div class=\"elementor-column elementor-col-16 elementor-top-column elementor-element elementor-element-8f3572e\" data-id=\"8f3572e\" data-element_type=\"column\" data-e-type=\"column\">\n\t\t\t<div class=\"elementor-widget-wrap elementor-element-populated\">\n\t\t\t\t\t\t<div class=\"elementor-element elementor-element-534a48a elementor-widget elementor-widget-image\" data-id=\"534a48a\" data-element_type=\"widget\" data-e-type=\"widget\" data-widget_type=\"image.default\">\n\t\t\t\t<div class=\"elementor-widget-container\">\n\t\t\t\t\t\t\t\t\t\t\t\t\t\t\t<img decoding=\"async\" width=\"1200\" height=\"675\" src=\"https:\/\/www.zeroemissioncompany.eu\/wp-content\/uploads\/2024\/02\/volvo-logo.png\" class=\"attachment-full size-full wp-image-5589\" alt=\"\" srcset=\"https:\/\/www.zeroemissioncompany.eu\/wp-content\/uploads\/2024\/02\/volvo-logo.png 1200w, https:\/\/www.zeroemissioncompany.eu\/wp-content\/uploads\/2024\/02\/volvo-logo-300x169.png 300w, https:\/\/www.zeroemissioncompany.eu\/wp-content\/uploads\/2024\/02\/volvo-logo-1024x576.png 1024w, https:\/\/www.zeroemissioncompany.eu\/wp-content\/uploads\/2024\/02\/volvo-logo-150x84.png 150w, https:\/\/www.zeroemissioncompany.eu\/wp-content\/uploads\/2024\/02\/volvo-logo-768x432.png 768w, https:\/\/www.zeroemissioncompany.eu\/wp-content\/uploads\/2024\/02\/volvo-logo-18x10.png 18w, https:\/\/www.zeroemissioncompany.eu\/wp-content\/uploads\/2024\/02\/volvo-logo-600x338.png 600w\" sizes=\"(max-width: 1200px) 100vw, 1200px\" \/>\t\t\t\t\t\t\t\t\t\t\t\t\t\t\t<\/div>\n\t\t\t\t<\/div>\n\t\t\t\t\t<\/div>\n\t\t<\/div>\n\t\t\t\t<div class=\"elementor-column elementor-col-16 elementor-top-column elementor-element elementor-element-1dad26a\" data-id=\"1dad26a\" data-element_type=\"column\" data-e-type=\"column\">\n\t\t\t<div class=\"elementor-widget-wrap elementor-element-populated\">\n\t\t\t\t\t\t<div class=\"elementor-element elementor-element-9f07a5b elementor-widget elementor-widget-image\" data-id=\"9f07a5b\" data-element_type=\"widget\" data-e-type=\"widget\" data-widget_type=\"image.default\">\n\t\t\t\t<div class=\"elementor-widget-container\">\n\t\t\t\t\t\t\t\t\t\t\t\t\t\t\t<img decoding=\"async\" width=\"1284\" height=\"1264\" src=\"https:\/\/www.zeroemissioncompany.eu\/wp-content\/uploads\/2024\/02\/the-eleet.jpg\" class=\"attachment-full size-full wp-image-5588\" alt=\"\" srcset=\"https:\/\/www.zeroemissioncompany.eu\/wp-content\/uploads\/2024\/02\/the-eleet.jpg 1284w, https:\/\/www.zeroemissioncompany.eu\/wp-content\/uploads\/2024\/02\/the-eleet-300x295.jpg 300w, https:\/\/www.zeroemissioncompany.eu\/wp-content\/uploads\/2024\/02\/the-eleet-1024x1008.jpg 1024w, https:\/\/www.zeroemissioncompany.eu\/wp-content\/uploads\/2024\/02\/the-eleet-150x148.jpg 150w, https:\/\/www.zeroemissioncompany.eu\/wp-content\/uploads\/2024\/02\/the-eleet-768x756.jpg 768w, https:\/\/www.zeroemissioncompany.eu\/wp-content\/uploads\/2024\/02\/the-eleet-12x12.jpg 12w, https:\/\/www.zeroemissioncompany.eu\/wp-content\/uploads\/2024\/02\/the-eleet-600x591.jpg 600w\" sizes=\"(max-width: 1284px) 100vw, 1284px\" \/>\t\t\t\t\t\t\t\t\t\t\t\t\t\t\t<\/div>\n\t\t\t\t<\/div>\n\t\t\t\t\t<\/div>\n\t\t<\/div>\n\t\t\t\t<div class=\"elementor-column elementor-col-16 elementor-top-column elementor-element elementor-element-fb03af8\" data-id=\"fb03af8\" data-element_type=\"column\" data-e-type=\"column\">\n\t\t\t<div class=\"elementor-widget-wrap elementor-element-populated\">\n\t\t\t\t\t\t<div class=\"elementor-element elementor-element-d5ed5ff elementor-widget elementor-widget-image\" data-id=\"d5ed5ff\" data-element_type=\"widget\" data-e-type=\"widget\" data-widget_type=\"image.default\">\n\t\t\t\t<div class=\"elementor-widget-container\">\n\t\t\t\t\t\t\t\t\t\t\t\t\t\t\t<img loading=\"lazy\" decoding=\"async\" width=\"1642\" height=\"924\" src=\"https:\/\/www.zeroemissioncompany.eu\/wp-content\/uploads\/2024\/02\/cupra-logo.png\" class=\"attachment-full size-full wp-image-5591\" alt=\"\" srcset=\"https:\/\/www.zeroemissioncompany.eu\/wp-content\/uploads\/2024\/02\/cupra-logo.png 1642w, https:\/\/www.zeroemissioncompany.eu\/wp-content\/uploads\/2024\/02\/cupra-logo-300x169.png 300w, https:\/\/www.zeroemissioncompany.eu\/wp-content\/uploads\/2024\/02\/cupra-logo-1024x576.png 1024w, https:\/\/www.zeroemissioncompany.eu\/wp-content\/uploads\/2024\/02\/cupra-logo-150x84.png 150w, https:\/\/www.zeroemissioncompany.eu\/wp-content\/uploads\/2024\/02\/cupra-logo-768x432.png 768w, https:\/\/www.zeroemissioncompany.eu\/wp-content\/uploads\/2024\/02\/cupra-logo-1536x864.png 1536w, https:\/\/www.zeroemissioncompany.eu\/wp-content\/uploads\/2024\/02\/cupra-logo-18x10.png 18w, https:\/\/www.zeroemissioncompany.eu\/wp-content\/uploads\/2024\/02\/cupra-logo-600x338.png 600w\" sizes=\"(max-width: 1642px) 100vw, 1642px\" \/>\t\t\t\t\t\t\t\t\t\t\t\t\t\t\t<\/div>\n\t\t\t\t<\/div>\n\t\t\t\t\t<\/div>\n\t\t<\/div>\n\t\t\t\t<div class=\"elementor-column elementor-col-16 elementor-top-column elementor-element elementor-element-5b0bfbf\" data-id=\"5b0bfbf\" data-element_type=\"column\" data-e-type=\"column\">\n\t\t\t<div class=\"elementor-widget-wrap elementor-element-populated\">\n\t\t\t\t\t\t<div class=\"elementor-element elementor-element-da2ad94 elementor-widget elementor-widget-image\" data-id=\"da2ad94\" data-element_type=\"widget\" data-e-type=\"widget\" data-widget_type=\"image.default\">\n\t\t\t\t<div class=\"elementor-widget-container\">\n\t\t\t\t\t\t\t\t\t\t\t\t\t\t\t<img loading=\"lazy\" decoding=\"async\" width=\"2103\" height=\"998\" src=\"https:\/\/www.zeroemissioncompany.eu\/wp-content\/uploads\/2024\/02\/donut-digital-logo.png\" class=\"attachment-full size-full wp-image-5595\" alt=\"\" srcset=\"https:\/\/www.zeroemissioncompany.eu\/wp-content\/uploads\/2024\/02\/donut-digital-logo.png 2103w, https:\/\/www.zeroemissioncompany.eu\/wp-content\/uploads\/2024\/02\/donut-digital-logo-300x142.png 300w, https:\/\/www.zeroemissioncompany.eu\/wp-content\/uploads\/2024\/02\/donut-digital-logo-1024x486.png 1024w, https:\/\/www.zeroemissioncompany.eu\/wp-content\/uploads\/2024\/02\/donut-digital-logo-150x71.png 150w, https:\/\/www.zeroemissioncompany.eu\/wp-content\/uploads\/2024\/02\/donut-digital-logo-768x364.png 768w, https:\/\/www.zeroemissioncompany.eu\/wp-content\/uploads\/2024\/02\/donut-digital-logo-1536x729.png 1536w, https:\/\/www.zeroemissioncompany.eu\/wp-content\/uploads\/2024\/02\/donut-digital-logo-2048x972.png 2048w, https:\/\/www.zeroemissioncompany.eu\/wp-content\/uploads\/2024\/02\/donut-digital-logo-18x9.png 18w, https:\/\/www.zeroemissioncompany.eu\/wp-content\/uploads\/2024\/02\/donut-digital-logo-600x285.png 600w\" sizes=\"(max-width: 2103px) 100vw, 2103px\" \/>\t\t\t\t\t\t\t\t\t\t\t\t\t\t\t<\/div>\n\t\t\t\t<\/div>\n\t\t\t\t\t<\/div>\n\t\t<\/div>\n\t\t\t\t<div class=\"elementor-column elementor-col-16 elementor-top-column elementor-element elementor-element-d847221\" data-id=\"d847221\" data-element_type=\"column\" data-e-type=\"column\">\n\t\t\t<div class=\"elementor-widget-wrap elementor-element-populated\">\n\t\t\t\t\t\t<div class=\"elementor-element elementor-element-d93fdb0 elementor-widget elementor-widget-image\" data-id=\"d93fdb0\" data-element_type=\"widget\" data-e-type=\"widget\" data-widget_type=\"image.default\">\n\t\t\t\t<div class=\"elementor-widget-container\">\n\t\t\t\t\t\t\t\t\t\t\t\t\t\t\t<img loading=\"lazy\" decoding=\"async\" width=\"718\" height=\"347\" src=\"https:\/\/www.zeroemissioncompany.eu\/wp-content\/uploads\/2024\/02\/camera-car-logo-transparent.png\" class=\"attachment-full size-full wp-image-5597\" alt=\"\" srcset=\"https:\/\/www.zeroemissioncompany.eu\/wp-content\/uploads\/2024\/02\/camera-car-logo-transparent.png 718w, https:\/\/www.zeroemissioncompany.eu\/wp-content\/uploads\/2024\/02\/camera-car-logo-transparent-300x145.png 300w, https:\/\/www.zeroemissioncompany.eu\/wp-content\/uploads\/2024\/02\/camera-car-logo-transparent-150x72.png 150w, https:\/\/www.zeroemissioncompany.eu\/wp-content\/uploads\/2024\/02\/camera-car-logo-transparent-18x9.png 18w, https:\/\/www.zeroemissioncompany.eu\/wp-content\/uploads\/2024\/02\/camera-car-logo-transparent-600x290.png 600w\" sizes=\"(max-width: 718px) 100vw, 718px\" \/>\t\t\t\t\t\t\t\t\t\t\t\t\t\t\t<\/div>\n\t\t\t\t<\/div>\n\t\t\t\t\t<\/div>\n\t\t<\/div>\n\t\t\t\t\t<\/div>\n\t\t<\/section>\n\t\t\t\t<section class=\"elementor-section elementor-top-section elementor-element elementor-element-99304a9 ct-section-stretched elementor-section-boxed elementor-section-height-default elementor-section-height-default\" data-id=\"99304a9\" data-element_type=\"section\" data-e-type=\"section\">\n\t\t\t\t\t\t<div class=\"elementor-container elementor-column-gap-default\">\n\t\t\t\t\t<div class=\"elementor-column elementor-col-100 elementor-top-column elementor-element elementor-element-8dd5ac2\" data-id=\"8dd5ac2\" data-element_type=\"column\" data-e-type=\"column\">\n\t\t\t<div class=\"elementor-widget-wrap elementor-element-populated\">\n\t\t\t\t\t\t<div class=\"elementor-element elementor-element-527192d elementor-widget elementor-widget-html\" data-id=\"527192d\" data-element_type=\"widget\" data-e-type=\"widget\" data-widget_type=\"html.default\">\n\t\t\t\t<div class=\"elementor-widget-container\">\n\t\t\t\t\t<table id=\"listCompanies\">\r\n\t\t\t\t\t\t<thead>\r\n\t\t\t\t<tr >\r\n\t\t\t\t\t<th >Company name<\/th><th>Reduction of emissions<\/th><th >Amount<\/th><th><div class=\"right-inner-addon input-container\"><input type=\"text\" placeholder=\"Search\" id=\"searchCompany\"><\/div><\/th>\t\t\t\t<\/tr>\r\n\t\t\t<\/thead>\r\n\t\t\t\t\t<tfoot>\r\n\t\t\t\t\t<\/tfoot>\r\n\t\t\t\t<tbody>\r\n\t\t\t<tr><td><a href=\"https:\/\/www.zeroemissioncompany.eu\/en\/simplicity\/\">Simplicity<\/a><\/td><td>3716 tonnes<\/td><td>148 640 \u20ac <\/td><td><a href=\"https:\/\/www.zeroemissioncompany.eu\/en\/simplicity\/\">Company detail<\/a><\/td><\/tr>\r\n\t\t\t<tr><td><a href=\"https:\/\/www.zeroemissioncompany.eu\/en\/volvo\/\">Volvo<\/a><\/td><td> tons<\/td><td> \u20ac <\/td><td><a href=\"https:\/\/www.zeroemissioncompany.eu\/en\/volvo\/\">Company detail<\/a><\/td><\/tr>\r\n\t\t\t<tr><td><a href=\"https:\/\/www.zeroemissioncompany.eu\/en\/the-eleet\/\">The Eleet<\/a><\/td><td> 250 tonnes<\/td><td> 10 000 \u20ac <\/td><td><a href=\"https:\/\/www.zeroemissioncompany.eu\/en\/the-eleet\/\">Company detail<\/a><\/td><\/tr>\r\n\t\t\t<tr><td><a href=\"https:\/\/www.zeroemissioncompany.eu\/en\/cupra\/\">Cupra<\/a><\/td><td> tons<\/td><td>  \u20ac <\/td><td><a href=\"https:\/\/www.zeroemissioncompany.eu\/en\/cupra\/\">Company detail<\/a><\/td><\/tr>\r\n\t\t\t<tr><td><a href=\"https:\/\/www.zeroemissioncompany.eu\/en\/donut-digital\/\">Donut Digital<\/a><\/td><td> 57 tonnes<\/td><td>  2 280 \u20ac <\/td><td><a href=\"https:\/\/www.zeroemissioncompany.eu\/en\/donut-digital\/\">Company detail<\/a><\/td><\/tr>\r\n\t\t\t<tr><td><a href=\"https:\/\/www.zeroemissioncompany.eu\/en\/camea-car\/\">Camea Car<\/a><\/td><td>395 tonnes<\/td><td> 15 800 \u20ac <\/td><td><a href=\"https:\/\/www.zeroemissioncompany.eu\/en\/camea-car\/\">Company detail<\/a><\/td><\/tr>\r\n\t\t\t<\/tbody>\r\n\t\t\t\t\t<\/table>\t\t\t\t<\/div>\n\t\t\t\t<\/div>\n\t\t\t\t\t<\/div>\n\t\t<\/div>\n\t\t\t\t\t<\/div>\n\t\t<\/section>\n\t\t\t\t<section class=\"elementor-section elementor-top-section elementor-element elementor-element-cb2a2a7 ct-section-stretched elementor-section-boxed elementor-section-height-default elementor-section-height-default\" data-id=\"cb2a2a7\" data-element_type=\"section\" data-e-type=\"section\" data-settings=\"{&quot;background_background&quot;:&quot;classic&quot;}\">\n\t\t\t\t\t\t<div class=\"elementor-container elementor-column-gap-default\">\n\t\t\t\t\t<div class=\"elementor-column elementor-col-50 elementor-top-column elementor-element elementor-element-de282a1\" data-id=\"de282a1\" data-element_type=\"column\" data-e-type=\"column\">\n\t\t\t<div class=\"elementor-widget-wrap elementor-element-populated\">\n\t\t\t\t\t\t<div class=\"elementor-element elementor-element-808a452 elementor-widget elementor-widget-heading\" data-id=\"808a452\" data-element_type=\"widget\" data-e-type=\"widget\" data-widget_type=\"heading.default\">\n\t\t\t\t<div class=\"elementor-widget-container\">\n\t\t\t\t\t<h2 class=\"elementor-heading-title elementor-size-default\">Become a Co2 neutral company today!<\/h2>\t\t\t\t<\/div>\n\t\t\t\t<\/div>\n\t\t\t\t\t<\/div>\n\t\t<\/div>\n\t\t\t\t<div class=\"elementor-column elementor-col-50 elementor-top-column elementor-element elementor-element-8d5f83a\" data-id=\"8d5f83a\" data-element_type=\"column\" data-e-type=\"column\">\n\t\t\t<div class=\"elementor-widget-wrap elementor-element-populated\">\n\t\t\t\t\t\t<div class=\"elementor-element elementor-element-b1886d7 pp-buttons-halign-tablet-stretch pp-buttons-stack-tablet pp-buttons-halign-center pp-buttons-valign-middle elementor-widget elementor-widget-pp-buttons\" data-id=\"b1886d7\" data-element_type=\"widget\" data-e-type=\"widget\" data-widget_type=\"pp-buttons.default\">\n\t\t\t\t<div class=\"elementor-widget-container\">\n\t\t\t\t\t\t\t<div class=\"pp-buttons-group\">\n\t\t\t\t\t\t\t\t\t\t\t<a href=\"https:\/\/www.zeroemissioncompany.eu\/en\/for-companies\/\" class=\"pp-button elementor-button elementor-size-sm elementor-repeater-item-4e3e986\">\n\t\t\t\t\t<div class=\"pp-button-content-wrapper\">\n\t\t\t\t\t\t<span class=\"pp-button-content-inner pp-icon-before\">\n\t\t\t\t\t\t\t\n\t\t\t\t\t\t\t\t<span class=\"pp-button-title\">\n\t\t\t\t\t\t\t\t\tFor companies\t\t\t\t\t\t\t\t<\/span>\n\t\t\t\t\t\t\t\t\t\t\t\t\t<\/span>\n\t\t\t\t\t<\/div>\n\t\t\t\t<\/a>\n\t\t\t\t\t\t\t\t\t\t\t\t\t\t\t\t<a href=\"https:\/\/www.zeroemissioncompany.eu\/en\/environmental-awerness\/\" class=\"pp-button elementor-button elementor-size-sm elementor-repeater-item-8be713a\">\n\t\t\t\t\t<div class=\"pp-button-content-wrapper\">\n\t\t\t\t\t\t<span class=\"pp-button-content-inner pp-icon-before\">\n\t\t\t\t\t\t\t\n\t\t\t\t\t\t\t\t<span class=\"pp-button-title\">\n\t\t\t\t\t\t\t\t\tEnvironmental awerness\t\t\t\t\t\t\t\t<\/span>\n\t\t\t\t\t\t\t\t\t\t\t\t\t<\/span>\n\t\t\t\t\t<\/div>\n\t\t\t\t<\/a>\n\t\t\t\t\t\t\t\t\t\t<\/div>\t\t\t\t<\/div>\n\t\t\t\t<\/div>\n\t\t\t\t\t<\/div>\n\t\t<\/div>\n\t\t\t\t\t<\/div>\n\t\t<\/section>\n\t\t\t\t<\/div>","protected":false},"excerpt":{"rendered":"<p>Uhl\u00edkovo neutr\u00e1lne spolo\u010dnosti V\u00a0tomto registri n\u00e1jdete spolo\u010dnosti, ktor\u00e9 sa rozhodli pre pozit\u00edvnu zmenu a\u00a0zn\u00ed\u017eili svoju uhl\u00edkov\u00fa stopu. N\u00e1zov spolo\u010dnosti Zn\u00ed\u017eenie emisii \u010ciastka Simplicity 3716 ton 148 640 \u20ac Detail spolo\u010dnosti Volvo ton \u20ac Detail spolo\u010dnosti The Eleet 250 ton 10 000 \u20ac Detail spolo\u010dnosti Cupra ton \u20ac Detail spolo\u010dnosti Donut Digital 57 ton 2 280 [&hellip;]<\/p>\n","protected":false},"author":1,"featured_media":0,"parent":0,"menu_order":0,"comment_status":"closed","ping_status":"closed","template":"","meta":{"footnotes":""},"class_list":["post-4158","page","type-page","status-publish","hentry"],"blocksy_meta":[],"_links":{"self":[{"href":"https:\/\/www.zeroemissioncompany.eu\/en\/wp-json\/wp\/v2\/pages\/4158","targetHints":{"allow":["GET"]}}],"collection":[{"href":"https:\/\/www.zeroemissioncompany.eu\/en\/wp-json\/wp\/v2\/pages"}],"about":[{"href":"https:\/\/www.zeroemissioncompany.eu\/en\/wp-json\/wp\/v2\/types\/page"}],"author":[{"embeddable":true,"href":"https:\/\/www.zeroemissioncompany.eu\/en\/wp-json\/wp\/v2\/users\/1"}],"replies":[{"embeddable":true,"href":"https:\/\/www.zeroemissioncompany.eu\/en\/wp-json\/wp\/v2\/comments?post=4158"}],"version-history":[{"count":185,"href":"https:\/\/www.zeroemissioncompany.eu\/en\/wp-json\/wp\/v2\/pages\/4158\/revisions"}],"predecessor-version":[{"id":6110,"href":"https:\/\/www.zeroemissioncompany.eu\/en\/wp-json\/wp\/v2\/pages\/4158\/revisions\/6110"}],"wp:attachment":[{"href":"https:\/\/www.zeroemissioncompany.eu\/en\/wp-json\/wp\/v2\/media?parent=4158"}],"curies":[{"name":"wp","href":"https:\/\/api.w.org\/{rel}","templated":true}]}}