{"id":1611,"date":"2021-02-13T23:04:08","date_gmt":"2021-02-13T22:04:08","guid":{"rendered":"https:\/\/www.zeroemissioncompany.eu\/?page_id=1611"},"modified":"2023-12-03T21:58:29","modified_gmt":"2023-12-03T20:58:29","slug":"ochrana-sukromia","status":"publish","type":"page","link":"https:\/\/www.zeroemissioncompany.eu\/en\/protection-privacy\/","title":{"rendered":"Z\u00e1sady ochrany osobn\u00fdch \u00fadajov"},"content":{"rendered":"<div data-elementor-type=\"wp-page\" data-elementor-id=\"1611\" class=\"elementor elementor-1611\" data-elementor-post-type=\"page\">\n\t\t\t\t\t\t<section class=\"elementor-section elementor-top-section elementor-element elementor-element-f671e4e ct-section-stretched home-first-section elementor-section-boxed elementor-section-height-default elementor-section-height-default\" data-id=\"f671e4e\" data-element_type=\"section\" data-e-type=\"section\">\n\t\t\t\t\t\t<div class=\"elementor-container elementor-column-gap-default\">\n\t\t\t\t\t<div class=\"elementor-column elementor-col-100 elementor-top-column elementor-element elementor-element-1bef68f\" data-id=\"1bef68f\" data-element_type=\"column\" data-e-type=\"column\">\n\t\t\t<div class=\"elementor-widget-wrap elementor-element-populated\">\n\t\t\t\t\t\t<div class=\"elementor-element elementor-element-05390fd elementor-widget elementor-widget-heading\" data-id=\"05390fd\" data-element_type=\"widget\" data-e-type=\"widget\" data-widget_type=\"heading.default\">\n\t\t\t\t<div class=\"elementor-widget-container\">\n\t\t\t\t\t<h1 class=\"elementor-heading-title elementor-size-default\">Principles for working with your data<\/h1>\t\t\t\t<\/div>\n\t\t\t\t<\/div>\n\t\t\t\t<div class=\"elementor-element elementor-element-3dbf6c4 elementor-widget elementor-widget-text-editor\" data-id=\"3dbf6c4\" data-element_type=\"widget\" data-e-type=\"widget\" data-widget_type=\"text-editor.default\">\n\t\t\t\t<div class=\"elementor-widget-container\">\n\t\t\t\t\t\t\t\t\t<p>We are ZERO emission company s.r.o.<\/p><p>We operate an e-shop on the website https:\/\/zeroemissioncompany.eu\/<\/p><p>In providing our services, operating our website, we process some personal data.<\/p><p>In particular, the processing of personal data is governed by Regulation (EU) 2016\/679 of the European Parliament and of the Council of 27 April 2016 concerning the processing of personal data and on the free movement of such data and repealing Directive 95\/46\/EC (General Data Protection Regulation) (\"GDPR\").<\/p>\t\t\t\t\t\t\t\t<\/div>\n\t\t\t\t<\/div>\n\t\t\t\t<div class=\"elementor-element elementor-element-eaae95a elementor-widget elementor-widget-heading\" data-id=\"eaae95a\" data-element_type=\"widget\" data-e-type=\"widget\" data-widget_type=\"heading.default\">\n\t\t\t\t<div class=\"elementor-widget-container\">\n\t\t\t\t\t<h2 class=\"elementor-heading-title elementor-size-default\">I. Processing of personal data<\/h2>\t\t\t\t<\/div>\n\t\t\t\t<\/div>\n\t\t\t\t<div class=\"elementor-element elementor-element-80a3faa elementor-widget elementor-widget-text-editor\" data-id=\"80a3faa\" data-element_type=\"widget\" data-e-type=\"widget\" data-widget_type=\"text-editor.default\">\n\t\t\t\t<div class=\"elementor-widget-container\">\n\t\t\t\t\t\t\t\t\t<p><strong>A. Processing of personal data in case of use of the contact form<\/strong><br \/>If you contact us in connection with our products and services, we will work with your contact details that you provide to us, mainly through the contact form. These are personal data in the following range: ...Name, email, phone number, location.<\/p><p><span style=\"text-decoration: underline;\">For what reason?<\/span><br \/>On the basis of the personal data you provide, we will then contact you in connection with our service offer.<\/p><p><span style=\"text-decoration: underline;\">On what legal basis?<\/span><br \/>This is processing on the basis of Article 6(1)(b) GDPR - performance of a contract or performance of pre-contractual measures at your request.<\/p><p>If you do not provide us with this personal data, we will not be able to communicate with you for the purpose of entering into a contract for the supply of our goods or the provision of our services.<\/p><p><span style=\"text-decoration: underline;\">How long will we process personal data?<\/span><br \/>Unless we establish further cooperation, we will process your personal data for a maximum of 30 days from our last communication.<\/p><p><strong>B. Processing of personal data in case of purchase<\/strong><br \/>We will further process personal data for the fulfilment of our obligations under generally binding legal regulations (mainly for accounting and tax purposes, or for the processing of complaints, etc.).<\/p><p><span style=\"text-decoration: underline;\">For what reason?<\/span><br \/>We need to process personal data in order to fulfil our obligations under the contract - provision of services. We will also use your contact details to communicate with you regarding the status of your order, or regarding complaints or questions you may have.<\/p><p>We will further process personal data for the fulfilment of our obligations under generally binding legal regulations (mainly for accounting and tax purposes, or for the processing of complaints, etc.).<\/p><p><span style=\"text-decoration: underline;\">On what legal basis do we process personal data?<\/span><br \/>This processing is based on Article 6(1)(b) GDPR - performance of a contract and Article 6(1)(c) GDPR - performance of our legal obligation.<\/p><p>If you do not provide us with this personal data, we will not be able to enter into a contract with you for the supply of our goods or services.<\/p><p><span style=\"text-decoration: underline;\">How long will we process personal data?<\/span><br \/>During the supply of goods or services and thereafter for 1 year from the last time such goods or services were supplied.<\/p><p><strong>C. Newsletter (commercial communication)<\/strong><br \/>Unless you have purchased goods or services from us and have explicitly opted out of receiving marketing communications, we will use your email address to send you our marketing communications.<\/p><p><span style=\"text-decoration: underline;\">On what legal basis?<\/span><br \/>This is processing based on Article 6(1)(f) GDPR - our legitimate interests, which are marketing communications targeted at our customers.<\/p><p><span style=\"text-decoration: underline;\">How long will we process personal data?<\/span><br \/>5 years since your last purchase. If you do not wish to continue to receive our marketing communications, you can unsubscribe at any time via email or you can contact us at: info@zeroemissioncompany.eu<\/p>\t\t\t\t\t\t\t\t<\/div>\n\t\t\t\t<\/div>\n\t\t\t\t<div class=\"elementor-element elementor-element-20322c9 elementor-widget elementor-widget-heading\" data-id=\"20322c9\" data-element_type=\"widget\" data-e-type=\"widget\" data-widget_type=\"heading.default\">\n\t\t\t\t<div class=\"elementor-widget-container\">\n\t\t\t\t\t<h2 class=\"elementor-heading-title elementor-size-default\">II. Who gets access to the data?<\/h2>\t\t\t\t<\/div>\n\t\t\t\t<\/div>\n\t\t\t\t<div class=\"elementor-element elementor-element-0da8035 elementor-widget elementor-widget-text-editor\" data-id=\"0da8035\" data-element_type=\"widget\" data-e-type=\"widget\" data-widget_type=\"text-editor.default\">\n\t\t\t\t<div class=\"elementor-widget-container\">\n\t\t\t\t\t\t\t\t\t<p>Your personal data will remain with us. However, we do have some companies or other persons working for us who have access to your personal data because they help us to run our e-shop. These are:<\/p><ul><li>the operator of the e-shop platform Zero emission company s.r.o., based in Smoln\u00edk 12, 055 66 Smoln\u00edk. ID: 55123040<\/li><\/ul><p>Further, your personal data may reach the following other entities:<\/p><ul><li>Donut Digital s.r.o.<\/li><\/ul><p>We only process personal data within the European Union.<\/p>\t\t\t\t\t\t\t\t<\/div>\n\t\t\t\t<\/div>\n\t\t\t\t<div class=\"elementor-element elementor-element-5b580ae elementor-widget elementor-widget-heading\" data-id=\"5b580ae\" data-element_type=\"widget\" data-e-type=\"widget\" data-widget_type=\"heading.default\">\n\t\t\t\t<div class=\"elementor-widget-container\">\n\t\t\t\t\t<h2 class=\"elementor-heading-title elementor-size-default\">III. What else you should know<\/h2>\t\t\t\t<\/div>\n\t\t\t\t<\/div>\n\t\t\t\t<div class=\"elementor-element elementor-element-d49ce30 elementor-widget elementor-widget-text-editor\" data-id=\"d49ce30\" data-element_type=\"widget\" data-e-type=\"widget\" data-widget_type=\"text-editor.default\">\n\t\t\t\t<div class=\"elementor-widget-container\">\n\t\t\t\t\t\t\t\t\t<p>We do not have a data protection officer in our company.<\/p><p>Our company does not make decisions based on automated processing or profiling.<\/p><p>If you have any questions about your personal data, please contact us at info@zeroemissioncmpany.eu or call +421919409118<\/p>\t\t\t\t\t\t\t\t<\/div>\n\t\t\t\t<\/div>\n\t\t\t\t<div class=\"elementor-element elementor-element-7d2ccfe elementor-widget elementor-widget-heading\" data-id=\"7d2ccfe\" data-element_type=\"widget\" data-e-type=\"widget\" data-widget_type=\"heading.default\">\n\t\t\t\t<div class=\"elementor-widget-container\">\n\t\t\t\t\t<h2 class=\"elementor-heading-title elementor-size-default\">IV. Use of cookies<\/h2>\t\t\t\t<\/div>\n\t\t\t\t<\/div>\n\t\t\t\t<div class=\"elementor-element elementor-element-8814084 elementor-widget elementor-widget-text-editor\" data-id=\"8814084\" data-element_type=\"widget\" data-e-type=\"widget\" data-widget_type=\"text-editor.default\">\n\t\t\t\t<div class=\"elementor-widget-container\">\n\t\t\t\t\t\t\t\t\t<p>Cookies are text files containing small amounts of information that are downloaded to your device when you visit our website. Cookies are then sent back to the website or another website that recognises them on each subsequent visit.<\/p><p>Cookies perform a variety of tasks, such as enabling you to navigate between websites efficiently, remembering your preferences and generally improving the user experience. They can also ensure that advertisements displayed online are better tailored to you and your interests.<\/p><p>We use the following cookies on the website:<\/p><ul><li><strong>Necessary cookies<\/strong>: are necessary for the operation of the website, for example, to allow you to log in to secure parts of the site and other basic functionality of the site. This category of cookies cannot be disabled.<\/li><li><strong>Analytical\/statistical cookies<\/strong>: allow us, for example, to recognise and track the number of visitors and to monitor how our visitors use the website. They help us improve the way the site works, for example by making it easy for users to find what they are looking for. We only run these files with your prior consent.<\/li><li><strong>Advertising cookies<\/strong>: they are used to track preferences and allow you to see advertising and other content that best matches your interests and online behaviour. We only run these files with your prior consent.<\/li><\/ul><p>Please note that third parties (including, for example, external service providers) may also use cookies and\/or access data collected by cookies on the website.<\/p><p>Cookies used:<\/p>\t\t\t\t\t\t\t\t<\/div>\n\t\t\t\t<\/div>\n\t\t\t\t<div class=\"elementor-element elementor-element-e0a68de city-table pp-table-center elementor-widget elementor-widget-pp-table\" data-id=\"e0a68de\" data-element_type=\"widget\" data-e-type=\"widget\" data-settings=\"{&quot;table_type&quot;:&quot;normal&quot;}\" data-widget_type=\"pp-table.default\">\n\t\t\t\t<div class=\"elementor-widget-container\">\n\t\t\t\t\t\t\t<div class=\"pp-table-container\">\n\t\t\t<table \n\t\t\tclass=\"pp-table tablesaw\"\t\t\t\t>\n\t\t\t\t\t\t\t<colgroup>\n\t\t\t\t\t\t\t\t<col\n\t\t\t\t\tspan=\"1\"\n\t\t\t\t\tclass=\"elementor-repeater-item-9e6e7f5\"\n\t\t\t\t\t\t\t\t\t\t\tstyle=\"\t\t\t\t\t\t\t\t\t\t\t\t\t\t\t\t\t\t\t\t\"\n\t\t\t\t\t\t\t\t\t\t>\n\t\t\t\t\t\t\t<\/colgroup>\n\t\t\t\t\t\t<thead>\n\t\t\t\t<tr class=\"pp-table-row\">\n\t\t\t\t\t<th class=\"pp-table-cell pp-table-cell-d8eb7c3\"><span class=\"pp-table-cell-content\"><span class=\"pp-table-cell-text\">Technical name<\/span><\/span><\/th><th class=\"pp-table-cell pp-table-cell-008aa38\"><span class=\"pp-table-cell-content\"><span class=\"pp-table-cell-text\">Publisher<\/span><\/span><\/th><th class=\"pp-table-cell pp-table-cell-d3ce6c1\"><span class=\"pp-table-cell-content\"><span class=\"pp-table-cell-text\">Purpose and description of cookies<\/span><\/span><\/th><th class=\"pp-table-cell pp-table-cell-369db51\"><span class=\"pp-table-cell-content\"><span class=\"pp-table-cell-text\">Duration<\/span><\/span><\/th>\t\t\t\t<\/tr>\n\t\t\t<\/thead>\n\t\t\t\t\t<tfoot>\n\t\t\t<\/tr>\t\t<\/tfoot>\n\t\t\t\t<tbody>\n\t\t\t<tr ><td class=\"pp-table-cell pp-table-cell-0390e13\"><span class=\"pp-table-cell-content\"><span class=\"pp-table-cell-text\">cookieyes-consent<\/span><\/span><\/td><td class=\"pp-table-cell pp-table-cell-d254a73\">\t\t\t\t\t\t\t<a href=\"https:\/\/www.zeroemissioncompany.eu\/en\/\">\n\t\t\t\t\t\t\t<span class=\"pp-table-cell-content\"><span class=\"pp-table-cell-text\">Zero Emission Company<\/span><\/span>\t\t\t\t\t\t\t<\/a>\n\t\t\t\t\t\t\t<\/td><td class=\"pp-table-cell pp-table-cell-f14a2c4\"><span class=\"pp-table-cell-content\"><span class=\"pp-table-cell-text\">Stores the user's cookie consent status for the current domain<\/span><\/span><\/td><td class=\"pp-table-cell pp-table-cell-947f95b\"><span class=\"pp-table-cell-content\"><span class=\"pp-table-cell-text\">1 year<\/span><\/span><\/td><\/tr><tr ><td class=\"pp-table-cell pp-table-cell-0aad80f\"><span class=\"pp-table-cell-content\"><span class=\"pp-table-cell-text\">_ga<\/span><\/span><\/td><td class=\"pp-table-cell pp-table-cell-4a7a0f8\">\t\t\t\t\t\t\t<a href=\"https:\/\/developers.google.com\/analytics\/devguides\/collection\/analyticsjs\/cookie-usage\" target=\"_blank\" rel=\"noopener\">\n\t\t\t\t\t\t\t<span class=\"pp-table-cell-content\"><span class=\"pp-table-cell-text\">Google Analytics<\/span><\/span>\t\t\t\t\t\t\t<\/a>\n\t\t\t\t\t\t\t<\/td><td class=\"pp-table-cell pp-table-cell-d0f1b32\"><span class=\"pp-table-cell-content\"><span class=\"pp-table-cell-text\">Used to distinguish users<\/span><\/span><\/td><td class=\"pp-table-cell pp-table-cell-77cae00\"><span class=\"pp-table-cell-content\"><span class=\"pp-table-cell-text\">2 years<\/span><\/span><\/td><\/tr>\t\t<\/tbody>\n\t\t\t\t\t<\/table>\n\t\t<\/div>\n\t\t\t\t\t\t<\/div>\n\t\t\t\t<\/div>\n\t\t\t\t<div class=\"elementor-element elementor-element-df74e29 elementor-widget elementor-widget-text-editor\" data-id=\"df74e29\" data-element_type=\"widget\" data-e-type=\"widget\" data-widget_type=\"text-editor.default\">\n\t\t\t\t<div class=\"elementor-widget-container\">\n\t\t\t\t\t\t\t\t\t<p>Further information about cookies and an up-to-date list of cookies can be found via the individual web browsers, most often under Developer Tools.<\/p><p>Consent can be expressed by means of a check box contained in the so-called cookie bar. You can also subsequently refuse cookies in the settings of your internet browser, or you can set to use only some of them.<\/p><p>For more information on the management of cookies in individual browsers, please visit the following links:<\/p><ul><li>Internet Explorer &#8211; <a href=\"https:\/\/support.microsoft.com\/cs-cz\/help\/17442\/windows-internetexplorer-delete-manage-cookies\" target=\"_blank\" rel=\"noopener\">https:\/\/support.microsoft.com\/cs-cz\/help\/17442\/windows-internetexplorer-delete-manage-cookies<\/a><\/li><li>Google Chrome &#8211; <a href=\"https:\/\/support.google.com\/chrome\/answer\/95647?co=GENIE.Platform%3DDesktop&amp;hl=cs\" target=\"_blank\" rel=\"noopener\">https:\/\/support.google.com\/chrome\/answer\/95647?co=GENIE.Platform%3DDesktop&amp;hl=cs<\/a><\/li><li>Firefox &#8211; <a href=\"https:\/\/support.mozilla.org\/cs\/kb\/povoleni-zakazani-cookies\" target=\"_blank\" rel=\"noopener\">https:\/\/support.mozilla.org\/cs\/kb\/povoleni-zakazani-cookies<\/a><\/li><li>Safari &#8211; <a href=\"https:\/\/support.apple.com\/cs-cz\/guide\/safari\/sfri11471\/mac\" target=\"_blank\" rel=\"noopener\">https:\/\/support.apple.com\/cs-cz\/guide\/safari\/sfri11471\/mac<\/a><\/li><li>Opera &#8211; <a href=\"https:\/\/help.opera.com\/cs\/latest\/security-and-privacy\/\" target=\"_blank\" rel=\"noopener\">https:\/\/help.opera.com\/cs\/latest\/security-and-privacy\/<\/a><\/li><li>Microsoft Edge &#8211; <a href=\"https:\/\/docs.microsoft.com\/cs-cz\/sccm\/compliance\/deploy-use\/browser-profiles\" target=\"_blank\" rel=\"noopener\">https:\/\/docs.microsoft.com\/cs-cz\/sccm\/compliance\/deploy-use\/browser-profiles<\/a><\/li><\/ul>\t\t\t\t\t\t\t\t<\/div>\n\t\t\t\t<\/div>\n\t\t\t\t<div class=\"elementor-element elementor-element-3a7dab9 elementor-widget elementor-widget-heading\" data-id=\"3a7dab9\" data-element_type=\"widget\" data-e-type=\"widget\" data-widget_type=\"heading.default\">\n\t\t\t\t<div class=\"elementor-widget-container\">\n\t\t\t\t\t<h2 class=\"elementor-heading-title elementor-size-default\">V. Your rights in relation to the processing of personal data<\/h2>\t\t\t\t<\/div>\n\t\t\t\t<\/div>\n\t\t\t\t<div class=\"elementor-element elementor-element-fdf4109 elementor-widget elementor-widget-text-editor\" data-id=\"fdf4109\" data-element_type=\"widget\" data-e-type=\"widget\" data-widget_type=\"text-editor.default\">\n\t\t\t\t<div class=\"elementor-widget-container\">\n\t\t\t\t\t\t\t\t\t<p>The GDPR gives you, among other things, the right to contact us and request information about what personal data we process about you, to request access to this data and have it updated or corrected, or to request a restriction on processing, to request a copy of the personal data we process, to request that we delete your personal data in certain situations, and in certain cases you have the right to data portability. You can object to processing on the basis of legitimate interest.<\/p><p>If you believe that we are not treating your data properly, you have the right to lodge a complaint with a supervisory authority under our jurisdiction or to take legal action.<\/p><p>This policy is effective from 1.11.2023<\/p>\t\t\t\t\t\t\t\t<\/div>\n\t\t\t\t<\/div>\n\t\t\t\t\t<\/div>\n\t\t<\/div>\n\t\t\t\t\t<\/div>\n\t\t<\/section>\n\t\t\t\t<\/div>","protected":false},"excerpt":{"rendered":"<p>Z\u00e1sady pr\u00e1ce s Va\u0161imi \u00fadajmi Sme spolo\u010dnos\u0165 ZERO emission company s.r.o. Prev\u00e1dzkujeme e-shop na webov\u00fdch str\u00e1nkach https:\/\/zeroemissioncompany.eu\/ Pri poskytovan\u00ed na\u0161ich slu\u017eieb, prev\u00e1dzkovan\u00ed na\u0161ich webov\u00fdch str\u00e1nok sprac\u00favame niektor\u00e9 osobn\u00e9 \u00fadaje. Sprac\u00favanie osobn\u00fdch \u00fadajov upravuje najm\u00e4 nariadenie Eur\u00f3pskeho parlamentu a Rady (E\u00da) 2016\/679 z 27. apr\u00edla 2016 pri sprac\u00favan\u00ed osobn\u00fdch \u00fadajov a o vo\u013enom pohybe tak\u00fdchto \u00fadajov, [&hellip;]<\/p>\n","protected":false},"author":1,"featured_media":0,"parent":0,"menu_order":0,"comment_status":"closed","ping_status":"closed","template":"","meta":{"footnotes":""},"class_list":["post-1611","page","type-page","status-publish","hentry"],"blocksy_meta":[],"_links":{"self":[{"href":"https:\/\/www.zeroemissioncompany.eu\/en\/wp-json\/wp\/v2\/pages\/1611","targetHints":{"allow":["GET"]}}],"collection":[{"href":"https:\/\/www.zeroemissioncompany.eu\/en\/wp-json\/wp\/v2\/pages"}],"about":[{"href":"https:\/\/www.zeroemissioncompany.eu\/en\/wp-json\/wp\/v2\/types\/page"}],"author":[{"embeddable":true,"href":"https:\/\/www.zeroemissioncompany.eu\/en\/wp-json\/wp\/v2\/users\/1"}],"replies":[{"embeddable":true,"href":"https:\/\/www.zeroemissioncompany.eu\/en\/wp-json\/wp\/v2\/comments?post=1611"}],"version-history":[{"count":10,"href":"https:\/\/www.zeroemissioncompany.eu\/en\/wp-json\/wp\/v2\/pages\/1611\/revisions"}],"predecessor-version":[{"id":5306,"href":"https:\/\/www.zeroemissioncompany.eu\/en\/wp-json\/wp\/v2\/pages\/1611\/revisions\/5306"}],"wp:attachment":[{"href":"https:\/\/www.zeroemissioncompany.eu\/en\/wp-json\/wp\/v2\/media?parent=1611"}],"curies":[{"name":"wp","href":"https:\/\/api.w.org\/{rel}","templated":true}]}}